{"id":443,"date":"2018-04-18T11:12:11","date_gmt":"2018-04-18T10:12:11","guid":{"rendered":"https:\/\/www.jenshendar.com\/?page_id=443"},"modified":"2025-06-15T13:02:45","modified_gmt":"2025-06-15T11:02:45","slug":"photography","status":"publish","type":"page","link":"https:\/\/www.jenshendar.com\/index.php\/photography\/","title":{"rendered":"Fotografering &amp; priser"},"content":{"rendered":"\n<div class=\"wp-block-group is-vertical is-content-justification-center is-layout-flex wp-container-core-group-is-layout-4b2eccd6 wp-block-group-is-layout-flex\"><div class=\"wp-block-image is-style-rounded\">\n<figure class=\"alignleft wp-container-content-29dca9c1\"><img loading=\"lazy\" decoding=\"async\" width=\"1000\" height=\"250\" src=\"http:\/\/www.jenshendar.com\/wp-content\/uploads\/2025\/06\/cropped-5I8A9440_fullres-scaled-1.jpg\" alt=\"\" class=\"wp-image-833\" srcset=\"https:\/\/www.jenshendar.com\/wp-content\/uploads\/2025\/06\/cropped-5I8A9440_fullres-scaled-1.jpg 1000w, https:\/\/www.jenshendar.com\/wp-content\/uploads\/2025\/06\/cropped-5I8A9440_fullres-scaled-1-300x75.jpg 300w, https:\/\/www.jenshendar.com\/wp-content\/uploads\/2025\/06\/cropped-5I8A9440_fullres-scaled-1-768x192.jpg 768w\" sizes=\"auto, (max-width: 1000px) 100vw, 1000px\" \/><\/figure>\n<\/div>\n\n\n<p>Fotografering \u00e4r n\u00e5got jag tycker \u00e4r v\u00e4ldigt roligt, och det absolut roligaste att fota \u00e4r m\u00e4nniskor. Sen om det \u00e4r i sportsammanhang, p\u00e5 ett br\u00f6llop eller f\u00f6r en f\u00f6retagshemsida \u00e4r lite strunt samma.<\/p>\n\n\n\n<p>\u00c4r du intresserad s\u00e5 anv\u00e4nd kontaktformul\u00e4ret l\u00e4ngst ner.<\/p>\n<\/div>\n\n\n\n<div class=\"wp-block-group is-vertical is-content-justification-left is-layout-flex wp-container-core-group-is-layout-c0ca7d81 wp-block-group-is-layout-flex\">\n<h2 class=\"wp-block-heading\">Br\u00f6llopspaket<\/h2>\n\n\n\n<figure class=\"wp-block-table alignleft\"><table><tbody><tr><td class=\"has-text-align-center\" data-align=\"center\"><strong>Lilla<\/strong><\/td><td class=\"has-text-align-center\" data-align=\"center\"><strong>Mellan<\/strong><\/td><td class=\"has-text-align-center\" data-align=\"center\"><strong>Stora<\/strong><\/td><td class=\"has-text-align-center\" data-align=\"center\"><strong>Skr\u00e4ddarsytt<\/strong><\/td><\/tr><tr><td class=\"has-text-align-center\" data-align=\"center\">3 timmar<\/td><td class=\"has-text-align-center\" data-align=\"center\">6 timmar<\/td><td class=\"has-text-align-center\" data-align=\"center\">&#8220;Hela dagen&#8221;<\/td><td class=\"has-text-align-center\" data-align=\"center\"><\/td><\/tr><tr><td class=\"has-text-align-center\" data-align=\"center\">Brudparsfoton innan + Vigsel<\/td><td class=\"has-text-align-center\" data-align=\"center\"><em>Allt i lilla<\/em> + Uppst\u00e4llda foton + B\u00f6rjan p\u00e5 middag<\/td><td class=\"has-text-align-center\" data-align=\"center\"><em>Allt i mellan<\/em> + F\u00f6reberedelser + Hela middag + Fest<\/td><td class=\"has-text-align-center\" data-align=\"center\"><\/td><\/tr><tr><td class=\"has-text-align-center\" data-align=\"center\">Digital leverans<\/td><td class=\"has-text-align-center\" data-align=\"center\">Digital leverans<\/td><td class=\"has-text-align-center\" data-align=\"center\">Digital leverans<\/td><td class=\"has-text-align-center\" data-align=\"center\"><\/td><\/tr><tr><td class=\"has-text-align-center\" data-align=\"center\"><em>6250 .-<\/em><\/td><td class=\"has-text-align-center\" data-align=\"center\"><em>10,000 .-<\/em><\/td><td class=\"has-text-align-center\" data-align=\"center\"><em>15,000 .-<\/em><\/td><td class=\"has-text-align-center\" data-align=\"center\"><em>Kontakta<\/em><\/td><\/tr><\/tbody><\/table><\/figure>\n\n\n\n<p>I alla paket ing\u00e5r redigerade foton fr\u00e5n alla delar av dagen. Jag har inget min eller max antal bilder utan jag leverar alla som jag tycker h\u00e5ller m\u00e5ttet.<\/p>\n\n\n\n<p>Extra-tj\u00e4nster:<\/p>\n\n\n\n<ul class=\"wp-block-list\">\n<li>Fotosession innan vigseldagen<\/li>\n\n\n\n<li>Utskrifter, tavlor, annat<\/li>\n<\/ul>\n\n\n\n<p>Har ni en annan budget, eller vill skr\u00e4ddarsy n\u00e5got speciellt? H\u00f6r av er! Mina priser och paket \u00e4r inte huggna i sten och jag kan vara flexibel om det kr\u00e4vs.<\/p>\n<\/div>\n\n\n\n<div class=\"wp-block-group\"><div class=\"wp-block-group__inner-container is-layout-constrained wp-block-group-is-layout-constrained\">\n<p><span style=\"text-decoration: underline;\"><strong>Ungef\u00e4rlig prislista<\/strong><\/span><strong><span style=\"text-decoration: underline;\"> \u00f6vrigt<\/span><\/strong><\/p>\n\n\n\n<p>Privat \u2013 \u00d6vrigt: Portr\u00e4tt-fotografing inkl. ljus och redigerade bilder (10-25 st). 1-4 person(er). 4000 kr inkl. moms.<\/p>\n\n\n\n<p>Redaktionellt: 1150 kr\/hr ex moms, enligt <a href=\"https:\/\/www.sfoto.se\/wp-content\/uploads\/2018\/03\/prisguiden_2018.pdf\">SFFs prisguide<\/a>.<\/p>\n\n\n\n<p>F\u00f6retag \u2013 Headshots medarbetare: 8500kr ex. moms. 1 enhetlig bild per anst\u00e4lld. Kompletterande bilder gratis efter behov*.<\/p>\n\n\n\n<p>F\u00f6retag \u2013 \u00f6vrigt: offert efter kontakt<br><br>I alla paket ing\u00e5r resa till f\u00f6rutbest\u00e4md lokation.<\/p>\n\n\n\n<p><small style=\"font-size: 10px;\">*Om en eller flera bilder p\u00e5 personer i redigeringsarbetet inte h\u00e5ller m\u00e5ttet.<\/small><\/p>\n<\/div><\/div>\n\n\n\n<div class=\"wp-block-columns is-layout-flex wp-container-core-columns-is-layout-9d6595d7 wp-block-columns-is-layout-flex\">\n<div class=\"wp-block-column is-layout-flow wp-block-column-is-layout-flow\">\n<div class=\"wpcf7 no-js\" id=\"wpcf7-f844-o1\" lang=\"en-US\" dir=\"ltr\" data-wpcf7-id=\"844\">\n<div class=\"screen-reader-response\"><p role=\"status\" aria-live=\"polite\" aria-atomic=\"true\"><\/p> <ul><\/ul><\/div>\n<form action=\"\/index.php\/wp-json\/wp\/v2\/pages\/443#wpcf7-f844-o1\" method=\"post\" class=\"wpcf7-form init\" aria-label=\"Contact form\" novalidate=\"novalidate\" data-status=\"init\">\n<div style=\"display: none;\">\n<input type=\"hidden\" name=\"_wpcf7\" value=\"844\" \/>\n<input type=\"hidden\" name=\"_wpcf7_version\" value=\"6.0.6\" \/>\n<input type=\"hidden\" name=\"_wpcf7_locale\" value=\"en_US\" \/>\n<input type=\"hidden\" name=\"_wpcf7_unit_tag\" value=\"wpcf7-f844-o1\" \/>\n<input type=\"hidden\" name=\"_wpcf7_container_post\" value=\"0\" \/>\n<input type=\"hidden\" name=\"_wpcf7_posted_data_hash\" value=\"\" \/>\n<\/div>\n<p><label> Namn<br \/>\n<span class=\"wpcf7-form-control-wrap\" data-name=\"your-name\"><input size=\"40\" maxlength=\"400\" class=\"wpcf7-form-control wpcf7-text wpcf7-validates-as-required\" autocomplete=\"name\" aria-required=\"true\" aria-invalid=\"false\" value=\"\" type=\"text\" name=\"your-name\" \/><\/span> <\/label>\n<\/p>\n<p><label> Email<br \/>\n<span class=\"wpcf7-form-control-wrap\" data-name=\"your-email\"><input size=\"40\" maxlength=\"400\" class=\"wpcf7-form-control wpcf7-email wpcf7-validates-as-required wpcf7-text wpcf7-validates-as-email\" autocomplete=\"email\" aria-required=\"true\" aria-invalid=\"false\" value=\"\" type=\"email\" name=\"your-email\" \/><\/span> <\/label>\n<\/p>\n<p><label> Telefon<br \/>\n<span class=\"wpcf7-form-control-wrap\" data-name=\"your-tel\"><input size=\"40\" maxlength=\"400\" class=\"wpcf7-form-control wpcf7-tel wpcf7-text wpcf7-validates-as-tel\" aria-invalid=\"false\" value=\"\" type=\"tel\" name=\"your-tel\" \/><\/span> <\/label>\n<\/p>\n<p><label> Meddelande<br \/>\n<span class=\"wpcf7-form-control-wrap\" data-name=\"your-message\"><textarea cols=\"40\" rows=\"10\" maxlength=\"2000\" class=\"wpcf7-form-control wpcf7-textarea wpcf7-validates-as-required\" aria-required=\"true\" aria-invalid=\"false\" name=\"your-message\"><\/textarea><\/span> <\/label>\n<\/p>\n<p><input class=\"wpcf7-form-control wpcf7-submit has-spinner\" type=\"submit\" value=\"Skicka\" \/>\n<\/p><div class=\"wpcf7-response-output\" aria-hidden=\"true\"><\/div>\n<\/form>\n<\/div>\n\n<\/div>\n<\/div>\n","protected":false},"excerpt":{"rendered":"<p>Fotografering \u00e4r n\u00e5got jag tycker \u00e4r v\u00e4ldigt roligt, och det absolut roligaste att fota \u00e4r m\u00e4nniskor. Sen om det \u00e4r i sportsammanhang, p\u00e5 ett br\u00f6llop eller f\u00f6r en f\u00f6retagshemsida \u00e4r lite strunt samma. \u00c4r du intresserad s\u00e5 anv\u00e4nd kontaktformul\u00e4ret l\u00e4ngst ner. Br\u00f6llopspaket Lilla Mellan Stora Skr\u00e4ddarsytt 3 timmar 6 timmar &#8220;Hela dagen&#8221; Brudparsfoton innan +.<\/p>\n","protected":false},"author":1,"featured_media":0,"parent":0,"menu_order":0,"comment_status":"closed","ping_status":"closed","template":"","meta":{"footnotes":""},"class_list":["post-443","page","type-page","status-publish","hentry"],"_links":{"self":[{"href":"https:\/\/www.jenshendar.com\/index.php\/wp-json\/wp\/v2\/pages\/443","targetHints":{"allow":["GET"]}}],"collection":[{"href":"https:\/\/www.jenshendar.com\/index.php\/wp-json\/wp\/v2\/pages"}],"about":[{"href":"https:\/\/www.jenshendar.com\/index.php\/wp-json\/wp\/v2\/types\/page"}],"author":[{"embeddable":true,"href":"https:\/\/www.jenshendar.com\/index.php\/wp-json\/wp\/v2\/users\/1"}],"replies":[{"embeddable":true,"href":"https:\/\/www.jenshendar.com\/index.php\/wp-json\/wp\/v2\/comments?post=443"}],"version-history":[{"count":19,"href":"https:\/\/www.jenshendar.com\/index.php\/wp-json\/wp\/v2\/pages\/443\/revisions"}],"predecessor-version":[{"id":870,"href":"https:\/\/www.jenshendar.com\/index.php\/wp-json\/wp\/v2\/pages\/443\/revisions\/870"}],"wp:attachment":[{"href":"https:\/\/www.jenshendar.com\/index.php\/wp-json\/wp\/v2\/media?parent=443"}],"curies":[{"name":"wp","href":"https:\/\/api.w.org\/{rel}","templated":true}]}}