{"id":13,"date":"2015-05-31T19:29:19","date_gmt":"2015-05-31T19:29:19","guid":{"rendered":"http:\/\/jenshendar.com\/?page_id=13"},"modified":"2025-06-15T12:30:44","modified_gmt":"2025-06-15T10:30:44","slug":"about","status":"publish","type":"page","link":"https:\/\/www.jenshendar.com\/index.php\/about\/","title":{"rendered":"About"},"content":{"rendered":"\n<div class=\"wp-block-media-text is-stacked-on-mobile\"><figure class=\"wp-block-media-text__media\"><img loading=\"lazy\" decoding=\"async\" width=\"656\" height=\"1024\" src=\"http:\/\/www.jenshendar.com\/wp-content\/uploads\/2025\/06\/1H1A8789_2048px-656x1024.jpg\" alt=\"\" class=\"wp-image-839 size-full\" srcset=\"https:\/\/www.jenshendar.com\/wp-content\/uploads\/2025\/06\/1H1A8789_2048px-656x1024.jpg 656w, https:\/\/www.jenshendar.com\/wp-content\/uploads\/2025\/06\/1H1A8789_2048px-192x300.jpg 192w, https:\/\/www.jenshendar.com\/wp-content\/uploads\/2025\/06\/1H1A8789_2048px-768x1200.jpg 768w, https:\/\/www.jenshendar.com\/wp-content\/uploads\/2025\/06\/1H1A8789_2048px-983x1536.jpg 983w, https:\/\/www.jenshendar.com\/wp-content\/uploads\/2025\/06\/1H1A8789_2048px.jpg 1311w\" sizes=\"auto, (max-width: 656px) 100vw, 656px\" \/><\/figure><div class=\"wp-block-media-text__content\">\n<p>Jag heter Jens och \u00e4r en fotograf som bor i Floda, mellan G\u00f6teborg och Alings\u00e5s. <\/p>\n\n\n\n<p>Jag \u00e4lskar att fotografera m\u00e4nniskor, allra helst portr\u00e4tt i fina milj\u00f6er. Br\u00f6llop, dop, studenter, eller en familje-session p\u00e5 en sketen tisdag.<\/p>\n\n\n\n<p>Eftersom jag har en annan heltidssyssels\u00e4ttning ocks\u00e5 \u00e4r jag lite billigare \u00e4n andra, men samtidigt inte tillg\u00e4nglig lika ofta.<\/p>\n\n\n\n<p><a href=\"https:\/\/www.jenshendar.com\/index.php\/photography\/\" data-type=\"page\" data-id=\"443\">H\u00f6r av dig s\u00e5 ser vi vad som funkar!<\/a><\/p>\n<\/div><\/div>\n\n\n\n<p><\/p>\n\n\n\n<p><\/p>\n","protected":false},"excerpt":{"rendered":"<p>Jag heter Jens och \u00e4r en fotograf som bor i Floda, mellan G\u00f6teborg och Alings\u00e5s. Jag \u00e4lskar att fotografera m\u00e4nniskor, allra helst portr\u00e4tt i fina milj\u00f6er. Br\u00f6llop, dop, studenter, eller en familje-session p\u00e5 en sketen tisdag. Eftersom jag har en annan heltidssyssels\u00e4ttning ocks\u00e5 \u00e4r jag lite billigare \u00e4n andra, men samtidigt inte tillg\u00e4nglig lika ofta..<\/p>\n","protected":false},"author":1,"featured_media":0,"parent":0,"menu_order":0,"comment_status":"closed","ping_status":"closed","template":"","meta":{"footnotes":""},"class_list":["post-13","page","type-page","status-publish","hentry"],"_links":{"self":[{"href":"https:\/\/www.jenshendar.com\/index.php\/wp-json\/wp\/v2\/pages\/13","targetHints":{"allow":["GET"]}}],"collection":[{"href":"https:\/\/www.jenshendar.com\/index.php\/wp-json\/wp\/v2\/pages"}],"about":[{"href":"https:\/\/www.jenshendar.com\/index.php\/wp-json\/wp\/v2\/types\/page"}],"author":[{"embeddable":true,"href":"https:\/\/www.jenshendar.com\/index.php\/wp-json\/wp\/v2\/users\/1"}],"replies":[{"embeddable":true,"href":"https:\/\/www.jenshendar.com\/index.php\/wp-json\/wp\/v2\/comments?post=13"}],"version-history":[{"count":2,"href":"https:\/\/www.jenshendar.com\/index.php\/wp-json\/wp\/v2\/pages\/13\/revisions"}],"predecessor-version":[{"id":843,"href":"https:\/\/www.jenshendar.com\/index.php\/wp-json\/wp\/v2\/pages\/13\/revisions\/843"}],"wp:attachment":[{"href":"https:\/\/www.jenshendar.com\/index.php\/wp-json\/wp\/v2\/media?parent=13"}],"curies":[{"name":"wp","href":"https:\/\/api.w.org\/{rel}","templated":true}]}}